{"id":205,"date":"2024-10-04T06:46:09","date_gmt":"2024-10-04T06:46:09","guid":{"rendered":"https:\/\/mudanzas-faciles.com\/?page_id=205"},"modified":"2024-10-04T06:53:18","modified_gmt":"2024-10-04T06:53:18","slug":"politica-de-privacidad","status":"publish","type":"page","link":"https:\/\/mudanzas-faciles.com\/?page_id=205","title":{"rendered":"Pol\u00edtica de Privacidad"},"content":{"rendered":"\t\t<div data-elementor-type=\"wp-page\" data-elementor-id=\"205\" class=\"elementor elementor-205\" data-elementor-post-type=\"page\">\n\t\t\t\t\t\t<section class=\"elementor-section elementor-top-section elementor-element elementor-element-317bc48 elementor-section-boxed elementor-section-height-default elementor-section-height-default\" data-id=\"317bc48\" data-element_type=\"section\" data-settings=\"{&quot;background_background&quot;:&quot;classic&quot;}\">\n\t\t\t\t\t\t\t<div class=\"elementor-background-overlay\"><\/div>\n\t\t\t\t\t\t\t<div class=\"elementor-container elementor-column-gap-default\">\n\t\t\t\t\t<div class=\"elementor-column elementor-col-100 elementor-top-column elementor-element elementor-element-59fa6c2\" data-id=\"59fa6c2\" data-element_type=\"column\">\n\t\t\t<div class=\"elementor-widget-wrap elementor-element-populated\">\n\t\t\t\t\t\t<section class=\"elementor-section elementor-inner-section elementor-element elementor-element-723d243 elementor-section-boxed elementor-section-height-default elementor-section-height-default\" data-id=\"723d243\" data-element_type=\"section\">\n\t\t\t\t\t\t<div class=\"elementor-container elementor-column-gap-no\">\n\t\t\t\t\t<div class=\"elementor-column elementor-col-100 elementor-inner-column elementor-element elementor-element-298e080 animated-fast elementor-invisible\" data-id=\"298e080\" data-element_type=\"column\" data-settings=\"{&quot;animation&quot;:&quot;slideInUp&quot;}\">\n\t\t\t<div class=\"elementor-widget-wrap elementor-element-populated\">\n\t\t\t\t\t\t<div class=\"elementor-element elementor-element-fbc9d54 elementor-invisible elementor-widget elementor-widget-heading\" data-id=\"fbc9d54\" data-element_type=\"widget\" data-settings=\"{&quot;_animation&quot;:&quot;fadeInLeft&quot;,&quot;_animation_delay&quot;:480}\" data-widget_type=\"heading.default\">\n\t\t\t\t<div class=\"elementor-widget-container\">\n\t\t\t<h2 class=\"elementor-heading-title elementor-size-default\">Pol\u00edtica de Privacidad<\/h2>\t\t<\/div>\n\t\t\t\t<\/div>\n\t\t\t\t\t<\/div>\n\t\t<\/div>\n\t\t\t\t\t<\/div>\n\t\t<\/section>\n\t\t\t\t\t<\/div>\n\t\t<\/div>\n\t\t\t\t\t<\/div>\n\t\t<\/section>\n\t\t<div class=\"elementor-element elementor-element-7428ef5 e-flex e-con-boxed e-con e-parent\" data-id=\"7428ef5\" data-element_type=\"container\">\n\t\t\t\t\t<div class=\"e-con-inner\">\n\t\t\t\t<div class=\"elementor-element elementor-element-70b5184 elementor-widget elementor-widget-text-editor\" data-id=\"70b5184\" data-element_type=\"widget\" data-widget_type=\"text-editor.default\">\n\t\t\t\t<div class=\"elementor-widget-container\">\n\t\t\t\t\t\t\t<p class=\"p1\"><b>Antes de utilizar nuestros servicios o funcionalidades es importante que leas esta Pol\u00edtica as\u00ed como las condiciones espec\u00edficas que regulan cada servicio o funcionalidad.<\/b><\/p><p class=\"p1\"><b>Objeto de la pol\u00edtica de privacidad<\/b><\/p><p class=\"p1\">La presente Pol\u00edtica de privacidad de <b>Servicios De Marketing Nueva Era Digital S.L.<\/b> (en adelante, <b>Servicios De Marketing Nueva Era Digital<\/b>) regula la obtenci\u00f3n, utilizaci\u00f3n y otras formas de procesamiento de datos personales facilitados u obtenidos con la autorizaci\u00f3n de los Usuarios y\/o Clientes en la presente web o en cualquier otro entorno de la entidad, digital o f\u00edsico.<\/p><p class=\"p1\">Al introducir los datos en alguno o algunos de los formularios de captaci\u00f3n de datos, ya sea de forma digital o f\u00edsica, est\u00e1s aceptando sus condiciones de uso y la pol\u00edtica de privacidad, dando por entendido que has sido informado de las condiciones de uso y aviso legal de las mismas.<\/p><p class=\"p1\">Le informamos que cada vez que nos facilite sus datos o sea necesario que accedamos a informaci\u00f3n que pudiera identificarle, como su nombre, apellidos, correo electr\u00f3nico, direcci\u00f3n postal, n\u00famero de tel\u00e9fono, etc.; ya sea para navegar a trav\u00e9s de la web, comprar nuestros productos o hacer uso de nuestros servicios, estar\u00e1 bajo la aplicaci\u00f3n de esta Pol\u00edtica de Privacidad.<\/p><p class=\"p1\"><b>Servicios De Marketing Nueva Era Digital<\/b> informa a los usuarios que cumple con la vigente normativa de protecci\u00f3n de datos, y con car\u00e1cter especial, con el Reglamento (UE) 2016\/679 del Parlamento Europeo y del Consejo de 27 de abril de 2016, relativo a la protecci\u00f3n de las personas f\u00edsicas en lo que respecta al tratamiento de datos personales y a la libre circulaci\u00f3n de estos datos.<\/p><p class=\"p1\">Todos los textos legales se encuentran a disposici\u00f3n de los Usuarios y\/o Clientes en la correspondiente web. Es importante que los leas, ya que resultar\u00e1n aplicables aquellos que se encuentren vigentes en el momento de uso de nuestros servicios.<\/p><p class=\"p1\"><b>\u00bfQui\u00e9n es responsable del tratamiento de sus datos?<\/b><\/p><p class=\"p1\"><b>Servicios De Marketing Nueva Era Digital<\/b> es el responsable de la recogida y procesamiento de sus datos personales en relaci\u00f3n con los servicios que la misma presta. <b>Servicios De Marketing Nueva Era Digital<\/b> se compromete a respetar y salvaguardar su privacidad y la seguridad de sus datos. Los datos identificativos del responsable de tratamiento son: <b>Servicios De Marketing Nueva Era Digital S.L.<\/b>, con domicilio social en <b>Calle Del Acebo, 5, 28522 Rivas-Vaciamadrid, Madrid, Espa\u00f1a<\/b>.<\/p><p class=\"p1\"><b>\u00bfQu\u00e9 datos recogemos y de qu\u00e9 modo?<\/b><\/p><p class=\"p1\">Dependiendo de c\u00f3mo interact\u00faes con <b>Servicios De Marketing Nueva Era Digital<\/b> (a trav\u00e9s de la web o entornos digitales, e-mail o por tel\u00e9fono, etc.) recogemos varios tipos de datos sobre su persona que pueden identificarle directa o indirectamente, tal y como se describe a continuaci\u00f3n:<\/p><p class=\"p3\">\u2022<b>Informaci\u00f3n de contacto personal<\/b>: Cualquier informaci\u00f3n que nos facilite para ponernos en contacto con usted como nombre, direcci\u00f3n postal, correo electr\u00f3nico o n\u00famero de tel\u00e9fono.<\/p><p class=\"p3\">\u2022<b>Informaci\u00f3n de registro de la cuenta<\/b>: Informaci\u00f3n requerida para acceder a su cuenta de usuario, como su correo electr\u00f3nico o contrase\u00f1a guardada de forma encriptada e irrecuperable.<\/p><p class=\"p3\">\u2022<b>Informaci\u00f3n demogr\u00e1fica o de conducta<\/b>: Informaci\u00f3n que describe sus caracter\u00edsticas demogr\u00e1ficas o de conducta.<\/p><p class=\"p3\">\u2022<b>Informaci\u00f3n t\u00e9cnica sobre dispositivos inform\u00e1ticos\/m\u00f3viles<\/b>: Datos sobre el sistema inform\u00e1tico u otro dispositivo tecnol\u00f3gico que utilice para acceder a nuestro sitio web tales como la direcci\u00f3n IP, el tipo de sistema operativo y la versi\u00f3n del navegador web.<\/p><p class=\"p3\">\u2022<b>Sitios web\/informaci\u00f3n usual sobre comunicaciones<\/b>: Mientras navegue e interact\u00fae con nuestro sitio web, podemos usar tecnolog\u00edas de recogida de datos autom\u00e1ticas para recoger informaci\u00f3n sobre sus acciones, como los v\u00ednculos en los que hace clic, p\u00e1ginas o contenidos que visualiza, tiempos de respuesta del contenido, y otra informaci\u00f3n relacionada.<\/p><p class=\"p1\">La aceptaci\u00f3n al tratamiento de sus datos personales tiene siempre car\u00e1cter revocable. No obstante, en determinados casos, en caso de oponerse y no autorizar el tratamiento de sus datos personales, no podremos prestarle determinadas funcionalidades o servicios.<\/p><p class=\"p1\"><b>\u00bfCon qu\u00e9 finalidad\/es recopilamos sus datos?<\/b><\/p><p class=\"p1\">Podemos tratar sus datos para diferentes finalidades. Utilizamos sus datos, por ejemplo, cuando:<\/p><p class=\"p3\">\u2022Se registra en nuestra web.<\/p><p class=\"p3\">\u2022Realiza una compra online.<\/p><p class=\"p3\">\u2022Contacta con nuestro Servicio de Atenci\u00f3n al Cliente.<\/p><p class=\"p3\">\u2022Presenta una reclamaci\u00f3n, sugerencia o queja.<\/p><p class=\"p1\"><b>\u00bfA qu\u00e9 destinatarios se comunicar\u00e1n sus datos?<\/b><\/p><p class=\"p1\">Todos los datos que nos ha proporcionado ser\u00e1n tratados con la m\u00e1xima confidencialidad. Sus datos podr\u00e1n ser comunicados a terceros de confianza con el fin de proveerle un mejor servicio. Estos terceros pueden ser:<\/p><p class=\"p3\">\u2022Proveedores de plataformas tecnol\u00f3gicas, servicios de alojamiento y mantenimiento de bases de datos.<\/p><p class=\"p3\">\u2022Proveedores de servicios digitales y de comercio electr\u00f3nico como an\u00e1lisis web y motores de b\u00fasqueda.<\/p><p class=\"p1\">En caso de utilizar empresas no pertenecientes al Espacio Econ\u00f3mico Europeo (EEE), solo utilizaremos empresas que ofrezcan suficiente protecci\u00f3n conforme a la legislaci\u00f3n europea.<\/p><p class=\"p1\"><b>\u00bfDurante cu\u00e1nto tiempo conservamos sus datos personales?<\/b><\/p><p class=\"p1\">Los datos personales ser\u00e1n conservados mientras el usuario no manifieste lo contrario y por los plazos de conservaci\u00f3n legalmente establecidos, salvo que hayan perdido la utilidad o la finalidad leg\u00edtima para la que fueron captados.<\/p><p class=\"p1\"><b>\u00bfCu\u00e1les son los derechos de los usuarios que nos facilitan sus datos?<\/b><\/p><p class=\"p1\">Los usuarios podr\u00e1n ejercitar los derechos reconocidos en el Reglamento General de Protecci\u00f3n de Datos, tales como los derechos de portabilidad, acceso, rectificaci\u00f3n, supresi\u00f3n y limitaci\u00f3n al tratamiento.<\/p><p class=\"p1\">Estos derechos podr\u00e1n ejercitarse por cada usuario mediante solicitud por correo electr\u00f3nico a la direcci\u00f3n <b>info@mudanzas-faciles.com<\/b>. Asimismo, pueden retirar su consentimiento para el tratamiento de sus datos en cualquier momento.<\/p><p class=\"p1\"><b>Comunicaci\u00f3n de incidencia e irregularidades<\/b><\/p><p class=\"p1\">En caso de existir alguna conducta o situaci\u00f3n susceptible de generar una incidencia o irregularidad de cualquier clase, contacte con <b>info@mudanzas-faciles.com<\/b>.<\/p><p class=\"p1\"><b>Contacto<\/b><\/p><p class=\"p1\">Si tiene cualquier duda o preocupaci\u00f3n acerca de la forma en que tratamos y usamos sus datos personales, puede contactar con nosotros a trav\u00e9s de <b>info@mudanzas-faciles.com<\/b>.<\/p><p class=\"p1\"><b>Compromiso del usuario<\/b><\/p><p class=\"p1\">El usuario es responsable de la autenticidad de los datos aportados, que sean exactos, actuales y completos, asumiendo la responsabilidad de los da\u00f1os que se pudieran generar por dichas inexactitudes o falsedades.<\/p><p class=\"p1\"><b>Seguridad<\/b><\/p><p class=\"p1\">Nos comprometemos a proteger sus datos personales y exigimos contractualmente que los terceros de confianza que tratan sus datos tambi\u00e9n lo hagan.<\/p><p class=\"p1\"><b>Responsabilidad de los usuarios por uso y contenido<\/b><\/p><p class=\"p1\">El acceso y uso de la informaci\u00f3n y contenidos incluidos en la web ser\u00e1 de exclusiva responsabilidad de quien lo realice. El uso de la informaci\u00f3n estar\u00e1 supeditado a la legalidad vigente.<\/p><p class=\"p1\"><b>Informaci\u00f3n sobre las cookies<\/b><\/p><p class=\"p1\">Le informamos que utilizamos cookies con el fin de mejorar la experiencia de navegaci\u00f3n en nuestra web. Para obtener m\u00e1s informaci\u00f3n, lea nuestra pol\u00edtica de cookies.<\/p><p class=\"p1\"><b>Cambios en la pol\u00edtica de privacidad<\/b><\/p><p class=\"p1\"><b>Servicios De Marketing Nueva Era Digital<\/b> se reserva el derecho a cambiar esta pol\u00edtica en cualquier momento. Por favor, revise la Pol\u00edtica de Privacidad con regularidad.<\/p><p class=\"p1\"><b>Ley Aplicable y Jurisdicci\u00f3n<\/b><\/p><p class=\"p1\">Para la resoluci\u00f3n de controversias relacionadas con esta web, ser\u00e1 de aplicaci\u00f3n la legislaci\u00f3n espa\u00f1ola, siendo competentes los Juzgados y Tribunales de Madrid.<\/p>\t\t\t\t\t\t<\/div>\n\t\t\t\t<\/div>\n\t\t\t\t\t<\/div>\n\t\t\t\t<\/div>\n\t\t\t\t<\/div>\n\t\t","protected":false},"excerpt":{"rendered":"<p>Pol\u00edtica de Privacidad Antes de utilizar nuestros servicios o funcionalidades es importante que leas esta Pol\u00edtica as\u00ed como las condiciones espec\u00edficas que regulan cada servicio o funcionalidad. Objeto de la pol\u00edtica de privacidad La presente Pol\u00edtica de privacidad de Servicios De Marketing Nueva Era Digital S.L. (en adelante, Servicios De Marketing Nueva Era Digital) regula [&hellip;]<\/p>\n","protected":false},"author":1,"featured_media":0,"parent":0,"menu_order":0,"comment_status":"closed","ping_status":"closed","template":"","meta":{"footnotes":""},"class_list":["post-205","page","type-page","status-publish","hentry"],"_links":{"self":[{"href":"https:\/\/mudanzas-faciles.com\/index.php?rest_route=\/wp\/v2\/pages\/205","targetHints":{"allow":["GET"]}}],"collection":[{"href":"https:\/\/mudanzas-faciles.com\/index.php?rest_route=\/wp\/v2\/pages"}],"about":[{"href":"https:\/\/mudanzas-faciles.com\/index.php?rest_route=\/wp\/v2\/types\/page"}],"author":[{"embeddable":true,"href":"https:\/\/mudanzas-faciles.com\/index.php?rest_route=\/wp\/v2\/users\/1"}],"replies":[{"embeddable":true,"href":"https:\/\/mudanzas-faciles.com\/index.php?rest_route=%2Fwp%2Fv2%2Fcomments&post=205"}],"version-history":[{"count":13,"href":"https:\/\/mudanzas-faciles.com\/index.php?rest_route=\/wp\/v2\/pages\/205\/revisions"}],"predecessor-version":[{"id":234,"href":"https:\/\/mudanzas-faciles.com\/index.php?rest_route=\/wp\/v2\/pages\/205\/revisions\/234"}],"wp:attachment":[{"href":"https:\/\/mudanzas-faciles.com\/index.php?rest_route=%2Fwp%2Fv2%2Fmedia&parent=205"}],"curies":[{"name":"wp","href":"https:\/\/api.w.org\/{rel}","templated":true}]}}